{"id":3,"date":"2019-05-15T11:03:52","date_gmt":"2019-05-15T11:03:52","guid":{"rendered":"http:\/\/cptf.it\/it\/?page_id=3"},"modified":"2020-05-12T18:49:33","modified_gmt":"2020-05-12T17:49:33","slug":"privacy-policy-cptf","status":"publish","type":"page","link":"https:\/\/www.cptf.it\/it\/privacy-policy-cptf\/","title":{"rendered":"Informativa privacy"},"content":{"rendered":"<p><b>Privacy Policy<\/b><br \/>\nQuesta \u00e8 una informativa resa ai sensi dell&#8217; art. 13 del Reg. UE 2016\/679 (Regolamento Europeo per la protezione dei dati personali) nel rispetto della Direttiva 2002\/58\/CE, come aggiornata dalla Direttiva 2009\/136\/CE, in materia di Cookies nonch\u00e9 a quanto previsto dal Provvedimento dell\u2019Autorit\u00e0 Garante per la protezione dei dati personali del 08.05.2014 in materia di cookies. Per maggiori informazioni sui cookies utilizzati si veda la <strong><a href=\"http:\/\/www.cptf.it\/it\/cookie-policy-cptf\/\">cookies policy<\/a>.<\/strong><\/p>\n<p>1. Titolare del trattamento<\/p>\n<p>Il presente sito web www.cptf.it (di seguito il \u201cSito\u201d) \u00e8 di propriet\u00e0 di Il \u201cTITOLARE DEL TRATTAMENTO\u201d \u00e8 il Centro Padovano di Terapia della Famiglia s.r.l., con sede legale in Padova in Via Negrelli n. 13 e sedi operative in Padova alla via Martiri della Libert\u00e0 n. 1, ed in Trieste, alla via XX Settembre n. 37. Indirizzo e mail per i contatti: segreteria@cptf.org.<br \/>\nIn coerenza con la propria missione e i propri valori la societ\u00e0 CENTRO PADOVANO DI TERAPIA DELLA FAMIGLIA (nel seguito il \u201cTitolare del trattamento\u201d), si impegna a proteggere i dati personali di ogni persona nel rispetto dell\u2019identit\u00e0, della dignit\u00e0 di ogni essere umano e delle libert\u00e0 fondamentali costituzionalmente garantite nel rispetto del Regolamento Europeo 2016\/679 (\u201cGDPR\u201d) relativo alla protezione delle persone fisiche con riguardo al trattamento dei dati personali nonch\u00e9 alla libera circolazione di tali dati (\u201cDati Personali\u201d).<\/p>\n<ol start=\"2\">\n<li>\n<h4>Responsabile della protezione dei dati<\/h4>\n<\/li>\n<\/ol>\n<p>Il Titolare del Trattamento ha individuato e nominato, a norma dell\u2019articolo 37 del Regolamento il Responsabile della protezione dei dati c.d. \u201cData Protection Officer\u201d, (nel seguito il \u201c<b>DPO<\/b>\u201d) i cui dati di contatto sono forniti con la presente politica e nella apposita sezione del sito:<\/p>\n<p>Avv. Alexander Cassisa<\/p>\n<p>con studio in V.le Veneto 19 Chioggia Ve 30015<\/p>\n<p>tel 0418504637<\/p>\n<p>mail <a href=\"mailto:a.cassisa@responsabileprotezione.it\">a.cassisa@responsabileprotezione.it<\/a><\/p>\n<ol start=\"3\">\n<li>\n<h4>Tipologia di dati trattati<a name=\"_GoBack\"><\/a><\/h4>\n<\/li>\n<li>\n<h4>Dati di navigazione<\/h4>\n<\/li>\n<\/ol>\n<p>I sistemi informatici e le procedure preposte al funzionamento del Sito acquisiscono, nel corso della consultazione del Sito medesimo, alcuni dati personali la cui trasmissione \u00e8 implicita nell\u2019uso dei protocolli di comunicazione internet. Si tratta di informazioni che non sono raccolte per essere associate a ciascun fruitore dei servizi, ma che per la loro natura potrebbero, attraverso elaborazioni ed incroci con altri dati, permettere di identificare gli utenti. In questa categoria di dati sono ricompresi gli indirizzi IP o i domain names dei computer utilizzati dagli utenti che si connettono al Sito, gli indirizzi URL delle risorse richieste, l\u2019orario della richiesta, la dimensione del file ottenuto dal server, il codice numerico indicante lo stato della risposta data dal server ed ulteriori parametri quali il sistema operativo e l\u2019ambiente informatico dell\u2019utente.<\/p>\n<ol>\n<li style=\"list-style-type: none;\">\n<ol start=\"2\" type=\"a\">\n<li>\n<h4>Dati di contatto forniti dall\u2019Utente<\/h4>\n<\/li>\n<\/ol>\n<\/li>\n<\/ol>\n<p>Il conferimento dei dati personali da parte dell\u2019utente \u00e8 facoltativo, ma esso \u00e8 necessario affinch\u00e9 il Titolare del trattamento possa soddisfare le esigenze dell&#8217;utente nell&#8217;ambito delle funzionalit\u00e0 del Sito. In tutti i casi, prima di procedere all\u2019attivazione di un determinato servizio, sar\u00e0 fornita nelle pagine relative ai singoli servizi offerti, idonea informativa e, ove necessario, sar\u00e0 acquisito il relativo consenso alla raccolta e al trattamento dei dati personali. Il mancato, parziale o inesatto conferimento dei dati personali, in quanto necessari per l&#8217;esecuzione della prestazione richiesta (contrassegnati con *) non rende possibile tale esecuzione; mentre il mancato, parziale o inesatto conferimento dei dati personali facoltativi non necessari, non comporta alcuna conseguenza.<\/p>\n<ol start=\"4\">\n<li>\n<h4>Interazioni e le informazioni acquisite tramite social network e piattaforme esterne<\/h4>\n<\/li>\n<\/ol>\n<p>Nel caso in cui vi sia installato un servizio di interazione con i social network, \u00e8 possibile che, anche nel caso gli utenti non utilizzino il servizio, che lo stesso raccolga dati di traffico relativi alle pagine in cui \u00e8 installato.<\/p>\n<p>Per farci conoscere meglio utilizziamo i social plugin dei social network Facebook, LinkedIn e Google+ sul nostro sito web ai sensi dell&#8217;art. 6 c. 1 let. f GDPR. Lo scopo pubblicitario sottostante deve essere considerato un interesse legittimo ai sensi del GDPR. La responsabilit\u00e0 per un funzionamento conforme alla protezione dei dati deve essere garantita dal rispettivo fornitore.<\/p>\n<p><b>Pulsante +1 e widget sociali di Google+ (Google Inc.)<\/b><\/p>\n<p>Il pulsante +1 e i widget sociali di Google+ sono servizi di interazione con il social network Google+,<\/p>\n<p>forniti da Google Inc.<\/p>\n<p>Dati Personali raccolti: Cookie e Dati di Utilizzo.<\/p>\n<p>Luogo del trattamento: USA \u2013<a href=\"https:\/\/www.google.com\/intl\/it\/policies\/privacy\/\">Privacy Policy<\/a><\/p>\n<p><b>Pulsante Mi Piace e widget sociali di Facebook (Facebook, Inc.)<\/b><\/p>\n<p>Il pulsante \u201cMi Piace\u201d e i widget sociali di Facebook sono servizi di interazione con il social network<\/p>\n<p>Facebook, forniti da Facebook, Inc.<\/p>\n<p>Dati Personali raccolti: Cookie e Dati di Utilizzo.<\/p>\n<p>Luogo del trattamento: USA \u2013<a href=\"https:\/\/www.facebook.com\/privacy\/explanation\">Privacy Policy<\/a><\/p>\n<p><b>Pulsante LinkedIn e widget sociali di LinkedIn (LinkedIn, Inc.)<\/b><\/p>\n<p>Il pulsante LinkedIne i widget sociali di LinkedInsono servizi di interazione con il social network LinkedIn, forniti da LinkedIn, Inc.<\/p>\n<p>Dati Personali raccolti: Cookie e Dati di Utilizzo.<\/p>\n<p>Luogo del trattamento: USA \u2013\u00a0<a href=\"https:\/\/www.linkedin.com\/legal\/privacy-policy\">Privacy Policy<\/a><\/p>\n<p>L&#8217;integrazione di questi plug-in da parte nostra avviene con il cosiddetto metodo a due clic.<\/p>\n<ol start=\"5\">\n<li>\n<h4>Finalit\u00e0 del trattamento e basi giuridiche del trattamento<\/h4>\n<\/li>\n<\/ol>\n<p>I dati di natura personale forniti saranno trattati, nel rispetto delle condizioni di liceit\u00e0 ex art. 6 del Reg. UE 2016\/679, per le seguenti finalit\u00e0:<\/p>\n<p>&#8211; i dati di navigazione degli utenti verranno utilizzati al solo fine di ottenere informazioni statistiche sull\u2019utilizzo del Sito &#8211; legittimo interesse, quale base giuridica del trattamento;<\/p>\n<p>&#8211; eventuale richiesta di contatto, con invio di informazioni richieste dagli utenti \u2013\u00a0legittimo interesse, quale base giuridica del trattamento ovvero attivit\u00e0 di natura precontrattuale o contrattuale;<\/p>\n<p>&#8211; previo consenso e fino a sua revoca: per attivit\u00e0 promozionali del Titolare, newsletter, ricerche di mercato o altre ricerche e vendita diretta per ricevere &#8211; tramite mezzi automatizzati posta elettronica, telefax, messaggi del tipo Mms (Multimedia Messaging Service) o Sms (Short Message Service) o di altro tipo, nonch\u00e9 mediante telefonate tramite operatore e della posta cartacea &#8211; materiale informativo, per la rilevazione del grado di soddisfazione, materiale promozionale, commerciale e pubblicitario o inerente eventi ed iniziative, da parte del Titolare \u2013\u00a0il consenso\u00a0\u00e8 la base giuridica del trattamento.<\/p>\n<ol start=\"6\">\n<li>\n<h4>Sicurezza dei dati<\/h4>\n<\/li>\n<\/ol>\n<p>Utilizziamo il metodo SSL (Secure Socket Layer) in combinazione con il pi\u00f9 alto livello di crittografia supportato dal browser. Di solito si tratta di una crittografia a 256 bit. Se il browser non supporta la crittografia a 256 bit, utilizziamo invece la tecnologia v3 a 128 bit. Se una singola pagina del nostro sito web viene trasmessa in forma crittografata viene indicata dalla visualizzazione chiusa del simbolo della chiave o del lucchetto nella barra di stato inferiore del browser. Utilizziamo inoltre adeguate misure di sicurezza tecniche e organizzative per proteggere i Suoi dati personali da manipolazioni accidentali o intenzionali, perdita parziale o totale, distruzione o accesso non autorizzato da parte di terzi. Le nostre misure di sicurezza vengono continuamente migliorate in linea con gli sviluppi tecnologici.<\/p>\n<ol>\n<li style=\"list-style-type: none;\">\n<ol type=\"a\">\n<li style=\"list-style-type: none;\">\n<ol type=\"i\">\n<li style=\"list-style-type: none;\">\n<ol>\n<li>\n<h4>Decisioni automatizzate<\/h4>\n<\/li>\n<\/ol>\n<\/li>\n<\/ol>\n<\/li>\n<\/ol>\n<\/li>\n<\/ol>\n<p>Il Titolare del Trattamento dichiara di non adottare decisioni automatizzate suscettibili a influenzare l\u2019Interessato. Tutti i processi decisionali associati alle finalit\u00e0 del trattamento sopra descritte si eseguono con l\u2019intervento umano.<\/p>\n<ol>\n<li style=\"list-style-type: none;\">\n<ol type=\"a\">\n<li style=\"list-style-type: none;\">\n<ol type=\"i\">\n<li style=\"list-style-type: none;\">\n<ol start=\"2\">\n<li>\n<h4>Modalit\u00e0 del trattamento<\/h4>\n<\/li>\n<\/ol>\n<\/li>\n<\/ol>\n<\/li>\n<\/ol>\n<\/li>\n<\/ol>\n<p>I dati personali sono trattati con strumenti automatizzati per il tempo strettamente necessario a conseguire gli scopi per cui sono stati raccolti. Specifiche misure di sicurezza sono osservate per prevenire la perdita dei dati, usi illeciti o non corretti ed accessi non autorizzati.<\/p>\n<ol start=\"7\">\n<li>\n<h4>Chi tratta i dati personali e a chi vengono comunicati<\/h4>\n<\/li>\n<\/ol>\n<p>I dati personali trattati saranno conosciuti esclusivamente dai soggetti espressamente a ci\u00f2 espressamente autorizzati dal titolare ovvero potranno essere condivisi con destinatari, che tratteranno i dati in qualit\u00e0 di responsabili o titolari autonomi del trattamento. Precisamente, i dati saranno condivisi con:<br \/>\nsoggetti che forniscono servizi per la gestione del sistema informativo e delle reti di telecomunicazioni, ivi compresa la posta elettronica, newsletter e che si occupano della gestione del Sito usato dal Titolare del trattamento- studi o societ\u00e0 nell&#8217;ambito di rapporti di assistenza e consulenza; terzi che collaborano con il Titolare del trattamento per attivit\u00e0 di marketing diretto; autorit\u00e0 competenti per adempimenti di obblighi di leggi e\/o di disposizioni di organi pubblici.<\/p>\n<ol start=\"8\">\n<li>\n<h4>Trasferimenti internazionali di dati personali<\/h4>\n<\/li>\n<\/ol>\n<p>I dati personali di regola non saranno trasferiti in Paesi non appartenenti all\u2019Unione Europea Qualora vi fosse la necessit\u00e0 di trasferirli in un paese extra UE i dati saranno trasferiti verso paesi terzi o organizzazioni internazionali per cui la Commissione Europea \u00e8 intervenuta con una valutazione di adeguatezza (art. 45 GDPR) ovvero su garanzie adeguate espresse dal soggetto destinatario ai sensi dell\u2019art. 46 GDPR.<\/p>\n<ol start=\"9\">\n<li>\n<h4>Periodo di conservazione<\/h4>\n<\/li>\n<\/ol>\n<p>I dati personali raccolti verranno conservati in una forma che consenta l\u2019identificazione degli interessati per un arco di tempo non superiore al conseguimento delle finalit\u00e0 per le quali i dati personali sono trattati. In particolare per la conservazione dei dati di natura personale forniti dipende dalla finalit\u00e0 del trattamento:<\/p>\n<p>&#8211; navigazione sul Sito (si veda la cookies policy);<\/p>\n<p>&#8211; per richiesta di contatto, la ricezione newsletter o comunicazioni promozionali in genere via e-mail il periodo di conservazione sar\u00e0 di 6 mesi ;<\/p>\n<p>&#8211; salvo diverso periodo previsto nelle informative specifiche.<\/p>\n<ol start=\"10\">\n<li>\n<h4>Diritti interessato<\/h4>\n<\/li>\n<\/ol>\n<p>Lei ha il diritto, in qualunque momento, di chiedere al Titolare del trattamento ovvero al DPO, l\u2019accesso ai Suoi dati personali (art. 15), la rettifica (art. 16) o la cancellazione (art. 17) degli stessi, o la limitazione del trattamento (art 18) o di opporsi al loro trattamento basato sul legittimo interesse (art. 21) ovvero alla portabilit\u00e0 dei Suoi dati (art. 20) e di proporre reclamo a un\u2019autorit\u00e0 di controllo (art. 77).<\/p>\n<p>La informiamo che ha il diritto di revocare il consenso al trattamento dei Suoi dati in qualsiasi momento, senza pregiudicare la liceit\u00e0 del trattamento basata sul consenso prestato prima della revoca (artt. 6 e 9)<\/p>\n<p>Nel caso di richiesta di portabilit\u00e0 del dato il Titolare del trattamento Le fornir\u00e0 in formato strutturato, di uso comune e leggibile, da dispositivo automatico i dati personali che La riguardano, fatto salvo i commi 3 e 4 dell\u2019art. 20 del GDPR.<\/p>\n<p>Punto di contatto per gli interessati \u00e8 il nostro DPO:<\/p>\n<p>Avv. Alexander Cassisa<\/p>\n<p>con studio in V.le Veneto 19 Chioggia Ve 30015<\/p>\n<p>tel 0418504637 \u2013 indirizzo e mail <a href=\"mailto:a.cassisa@responsabileprotezione.it\">a.cassisa@responsabileprotezione.it<\/a><\/p>\n<p>Per l\u2019esercizio dei suoi diritti o per qualunque richiesta o necessit\u00e0 relativa alla presente informativa ci contatti all\u2019indirizzo di posta elettronica:<b>segreteria@cptf.org<\/b><\/p>\n<p>IL Titolare del Trattamento<br \/>\nCentro Padovano di Terapia della Famiglia<\/p>\n<p>Data di aggiornamento:<br \/>\nottobre 2018<\/p>\n<p><a title=\"Cookie policy \u2013 CPTF\" href=\"http:\/\/www.cptf.it\/web\/cookie-policy-cptf\/\">cookie policy<\/a><\/p>\n","protected":false},"excerpt":{"rendered":"<p>Privacy Policy Questa \u00e8 una informativa resa ai sensi dell&#8217; art. 13 del Reg. UE 2016\/679 (Regolamento Europeo per la protezione dei dati personali) nel rispetto della Direttiva 2002\/58\/CE, come aggiornata dalla Direttiva 2009\/136\/CE, in materia di Cookies nonch\u00e9 a quanto previsto dal Provvedimento dell\u2019Autorit\u00e0 Garante per la protezione dei&#8230;<\/p>\n","protected":false},"author":1,"featured_media":0,"parent":0,"menu_order":0,"comment_status":"closed","ping_status":"open","template":"","meta":{"footnotes":""},"class_list":["post-3","page","type-page","status-publish","hentry"],"yoast_head":"<!-- This site is optimized with the Yoast SEO plugin v27.3 - https:\/\/yoast.com\/product\/yoast-seo-wordpress\/ -->\n<title>Informativa privacy - CPTF<\/title>\n<meta name=\"description\" content=\"Informativa privacy del Centro Padovano di Terapia della famiglia\" \/>\n<meta name=\"robots\" content=\"index, follow, max-snippet:-1, max-image-preview:large, max-video-preview:-1\" \/>\n<link rel=\"canonical\" href=\"https:\/\/www.cptf.it\/it\/privacy-policy-cptf\/\" \/>\n<meta property=\"og:locale\" content=\"it_IT\" \/>\n<meta property=\"og:type\" content=\"article\" \/>\n<meta property=\"og:title\" content=\"Informativa privacy - CPTF\" \/>\n<meta property=\"og:description\" content=\"Informativa privacy del Centro Padovano di Terapia della famiglia\" \/>\n<meta property=\"og:url\" content=\"https:\/\/www.cptf.it\/it\/privacy-policy-cptf\/\" \/>\n<meta property=\"og:site_name\" content=\"CPTF\" \/>\n<meta property=\"article:modified_time\" content=\"2020-05-12T17:49:33+00:00\" \/>\n<meta name=\"twitter:card\" content=\"summary_large_image\" \/>\n<meta name=\"twitter:label1\" content=\"Tempo di lettura stimato\" \/>\n\t<meta name=\"twitter:data1\" content=\"8 minuti\" \/>\n<script type=\"application\/ld+json\" class=\"yoast-schema-graph\">{\"@context\":\"https:\\\/\\\/schema.org\",\"@graph\":[{\"@type\":\"WebPage\",\"@id\":\"https:\\\/\\\/www.cptf.it\\\/it\\\/privacy-policy-cptf\\\/\",\"url\":\"https:\\\/\\\/www.cptf.it\\\/it\\\/privacy-policy-cptf\\\/\",\"name\":\"Informativa privacy - CPTF\",\"isPartOf\":{\"@id\":\"https:\\\/\\\/www.cptf.it\\\/it\\\/#website\"},\"datePublished\":\"2019-05-15T11:03:52+00:00\",\"dateModified\":\"2020-05-12T17:49:33+00:00\",\"description\":\"Informativa privacy del Centro Padovano di Terapia della famiglia\",\"breadcrumb\":{\"@id\":\"https:\\\/\\\/www.cptf.it\\\/it\\\/privacy-policy-cptf\\\/#breadcrumb\"},\"inLanguage\":\"it-IT\",\"potentialAction\":[{\"@type\":\"ReadAction\",\"target\":[\"https:\\\/\\\/www.cptf.it\\\/it\\\/privacy-policy-cptf\\\/\"]}]},{\"@type\":\"BreadcrumbList\",\"@id\":\"https:\\\/\\\/www.cptf.it\\\/it\\\/privacy-policy-cptf\\\/#breadcrumb\",\"itemListElement\":[{\"@type\":\"ListItem\",\"position\":1,\"name\":\"Home\",\"item\":\"https:\\\/\\\/www.cptf.it\\\/it\\\/\"},{\"@type\":\"ListItem\",\"position\":2,\"name\":\"Informativa privacy\"}]},{\"@type\":\"WebSite\",\"@id\":\"https:\\\/\\\/www.cptf.it\\\/it\\\/#website\",\"url\":\"https:\\\/\\\/www.cptf.it\\\/it\\\/\",\"name\":\"CPTF\",\"description\":\"Centro Padovano di Terapia della famiglia\",\"potentialAction\":[{\"@type\":\"SearchAction\",\"target\":{\"@type\":\"EntryPoint\",\"urlTemplate\":\"https:\\\/\\\/www.cptf.it\\\/it\\\/?s={search_term_string}\"},\"query-input\":{\"@type\":\"PropertyValueSpecification\",\"valueRequired\":true,\"valueName\":\"search_term_string\"}}],\"inLanguage\":\"it-IT\"}]}<\/script>\n<!-- \/ Yoast SEO plugin. -->","yoast_head_json":{"title":"Informativa privacy - CPTF","description":"Informativa privacy del Centro Padovano di Terapia della famiglia","robots":{"index":"index","follow":"follow","max-snippet":"max-snippet:-1","max-image-preview":"max-image-preview:large","max-video-preview":"max-video-preview:-1"},"canonical":"https:\/\/www.cptf.it\/it\/privacy-policy-cptf\/","og_locale":"it_IT","og_type":"article","og_title":"Informativa privacy - CPTF","og_description":"Informativa privacy del Centro Padovano di Terapia della famiglia","og_url":"https:\/\/www.cptf.it\/it\/privacy-policy-cptf\/","og_site_name":"CPTF","article_modified_time":"2020-05-12T17:49:33+00:00","twitter_card":"summary_large_image","twitter_misc":{"Tempo di lettura stimato":"8 minuti"},"schema":{"@context":"https:\/\/schema.org","@graph":[{"@type":"WebPage","@id":"https:\/\/www.cptf.it\/it\/privacy-policy-cptf\/","url":"https:\/\/www.cptf.it\/it\/privacy-policy-cptf\/","name":"Informativa privacy - CPTF","isPartOf":{"@id":"https:\/\/www.cptf.it\/it\/#website"},"datePublished":"2019-05-15T11:03:52+00:00","dateModified":"2020-05-12T17:49:33+00:00","description":"Informativa privacy del Centro Padovano di Terapia della famiglia","breadcrumb":{"@id":"https:\/\/www.cptf.it\/it\/privacy-policy-cptf\/#breadcrumb"},"inLanguage":"it-IT","potentialAction":[{"@type":"ReadAction","target":["https:\/\/www.cptf.it\/it\/privacy-policy-cptf\/"]}]},{"@type":"BreadcrumbList","@id":"https:\/\/www.cptf.it\/it\/privacy-policy-cptf\/#breadcrumb","itemListElement":[{"@type":"ListItem","position":1,"name":"Home","item":"https:\/\/www.cptf.it\/it\/"},{"@type":"ListItem","position":2,"name":"Informativa privacy"}]},{"@type":"WebSite","@id":"https:\/\/www.cptf.it\/it\/#website","url":"https:\/\/www.cptf.it\/it\/","name":"CPTF","description":"Centro Padovano di Terapia della famiglia","potentialAction":[{"@type":"SearchAction","target":{"@type":"EntryPoint","urlTemplate":"https:\/\/www.cptf.it\/it\/?s={search_term_string}"},"query-input":{"@type":"PropertyValueSpecification","valueRequired":true,"valueName":"search_term_string"}}],"inLanguage":"it-IT"}]}},"_links":{"self":[{"href":"https:\/\/www.cptf.it\/it\/wp-json\/wp\/v2\/pages\/3","targetHints":{"allow":["GET"]}}],"collection":[{"href":"https:\/\/www.cptf.it\/it\/wp-json\/wp\/v2\/pages"}],"about":[{"href":"https:\/\/www.cptf.it\/it\/wp-json\/wp\/v2\/types\/page"}],"author":[{"embeddable":true,"href":"https:\/\/www.cptf.it\/it\/wp-json\/wp\/v2\/users\/1"}],"replies":[{"embeddable":true,"href":"https:\/\/www.cptf.it\/it\/wp-json\/wp\/v2\/comments?post=3"}],"version-history":[{"count":3,"href":"https:\/\/www.cptf.it\/it\/wp-json\/wp\/v2\/pages\/3\/revisions"}],"predecessor-version":[{"id":8889,"href":"https:\/\/www.cptf.it\/it\/wp-json\/wp\/v2\/pages\/3\/revisions\/8889"}],"wp:attachment":[{"href":"https:\/\/www.cptf.it\/it\/wp-json\/wp\/v2\/media?parent=3"}],"curies":[{"name":"wp","href":"https:\/\/api.w.org\/{rel}","templated":true}]}}